{"id":23420021,"date":"2024-01-12T15:53:47","date_gmt":"2024-01-12T18:53:47","guid":{"rendered":"https:\/\/michellelima.online\/?page_id=23420021"},"modified":"2026-01-16T13:56:50","modified_gmt":"2026-01-16T16:56:50","slug":"links-utiles-michelle-lima","status":"publish","type":"page","link":"https:\/\/michellelima.online\/es\/links-utiles-michelle-lima\/","title":{"rendered":"\u00bfC\u00f3mo puedo ayudarte? | Michelle Lima"},"content":{"rendered":"<p>[et_pb_section fb_built=\u00bb1&#8243; _builder_version=\u00bb4.25.0&#8243; _module_preset=\u00bbdefault\u00bb global_colors_info=\u00bb{}\u00bb da_is_popup=\u00bboff\u00bb da_exit_intent=\u00bboff\u00bb da_has_close=\u00bbon\u00bb da_alt_close=\u00bboff\u00bb da_dark_close=\u00bboff\u00bb da_not_modal=\u00bbon\u00bb da_is_singular=\u00bboff\u00bb da_with_loader=\u00bboff\u00bb da_has_shadow=\u00bbon\u00bb da_disable_devices=\u00bboff|off|off\u00bb][et_pb_row _builder_version=\u00bb4.23.4&#8243; _module_preset=\u00bbdefault\u00bb background_color=\u00bbgcid-ebe1c7c1-a252-4e16-8ec0-4fa48c3a25d8&#8243; max_width=\u00bb600px\u00bb custom_margin=\u00bb0px||||false|false\u00bb custom_padding=\u00bb0px||||false|false\u00bb border_radii=\u00bbon|10px|10px|10px|10px\u00bb locked=\u00bboff\u00bb global_colors_info=\u00bb{%22gcid-ebe1c7c1-a252-4e16-8ec0-4fa48c3a25d8%22:%91%22background_color%22,%22background_color%22%93}\u00bb][et_pb_column type=\u00bb4_4&#8243; _builder_version=\u00bb4.23.4&#8243; _module_preset=\u00bbdefault\u00bb global_colors_info=\u00bb{}\u00bb][et_pb_image src=\u00bbhttps:\/\/michellelima.online\/wp-content\/uploads\/2024\/01\/img_michelle-linktree.webp\u00bb title_text=\u00bbimg_michelle-linktree\u00bb _builder_version=\u00bb4.24.0&#8243; _module_preset=\u00bbdefault\u00bb custom_margin_tablet=\u00bb\u00bb custom_margin_phone=\u00bb||-50px||false|false\u00bb custom_margin_last_edited=\u00bbon|phone\u00bb box_shadow_style=\u00bbpreset6&#8243; box_shadow_vertical=\u00bb-80px\u00bb box_shadow_blur=\u00bb44px\u00bb box_shadow_spread=\u00bb10px\u00bb box_shadow_color=\u00bbgcid-ebe1c7c1-a252-4e16-8ec0-4fa48c3a25d8&#8243; global_colors_info=\u00bb{%22gcid-ebe1c7c1-a252-4e16-8ec0-4fa48c3a25d8%22:%91%22box_shadow_color%22%93}\u00bb][\/et_pb_image][et_pb_text _builder_version=\u00bb4.24.0&#8243; _module_preset=\u00bbdefault\u00bb header_font=\u00bbLostra Bold|||on|||||\u00bb header_text_align=\u00bbcenter\u00bb header_text_color=\u00bbgcid-505cec2e-d3d2-4a97-8910-d7cc4be7dbf5&#8243; z_index=\u00bb500&#8243; custom_margin=\u00bb||-1px|||\u00bb global_colors_info=\u00bb{%22gcid-9043b35f-68a6-4378-87d3-a6d9f968639f%22:%91%22header_2_text_color%22,%22header_2_text_color%22%93,%22gcid-505cec2e-d3d2-4a97-8910-d7cc4be7dbf5%22:%91%22header_text_color%22%93}\u00bb]<\/p>\n<h1><span>Enlaces \u00datiles<\/span><\/h1>\n<p>[\/et_pb_text][et_pb_text _builder_version=\u00bb4.24.0&#8243; _module_preset=\u00bbdefault\u00bb text_text_color=\u00bbgcid-45a8db3b-f468-4c5b-995f-d725b3651326&#8243; width=\u00bb75%\u00bb width_tablet=\u00bb75%\u00bb width_phone=\u00bb88%\u00bb width_last_edited=\u00bbon|phone\u00bb module_alignment=\u00bbcenter\u00bb custom_padding_tablet=\u00bb|3%|5%|3%|false|true\u00bb custom_padding_phone=\u00bb|3%|5%|3%|false|true\u00bb custom_padding_last_edited=\u00bbon|desktop\u00bb global_colors_info=\u00bb{%22gcid-9043b35f-68a6-4378-87d3-a6d9f968639f%22:%91%22header_2_text_color%22,%22header_2_text_color%22%93,%22gcid-45a8db3b-f468-4c5b-995f-d725b3651326%22:%91%22text_text_color%22%93}\u00bb]<\/p>\n<p><span>Acceda a los enlaces \u00fatiles sobre mis especialidades en LinkedIn, Marketing y Ventas B2B. Podcasts, listas de reproducci\u00f3n, cursos y materiales.<\/span><\/p>\n<p>[\/et_pb_text][et_pb_blurb title=\u00bbCurso LinkedIn Ads\u00bb use_icon=\u00bbon\u00bb font_icon=\u00bb&#xf19d;||fa||900&#8243; icon_placement=\u00bbleft\u00bb image_icon_width=\u00bb26px\u00bb _builder_version=\u00bb4.25.0&#8243; _dynamic_attributes=\u00bblink_option_url\u00bb _module_preset=\u00bbdefault\u00bb header_font=\u00bbLostra Bold|600|||||||\u00bb header_line_height=\u00bb1.3em\u00bb max_width=\u00bb90%\u00bb module_alignment=\u00bbcenter\u00bb custom_padding=\u00bb5px||0px||false|false\u00bb link_option_url=\u00bbhttps:\/\/michellelima.online\/cursolinkedinads\/\u00bb link_option_url_new_window=\u00bbon\u00bb border_radii=\u00bbon|10px|10px|10px|10px\u00bb global_colors_info=\u00bb{%22gcid-5eaf0b69-d301-45f6-95f8-3365a7e389da%22:%91%22header_text_color%22,%22header_text_color%22,%22header_text_color%22,%22header_text_color%22,%22header_text_color%22,%22header_text_color%22,%22header_text_color%22,%22header_text_color%22,%22header_text_color%22,%22header_text_color%22,%22header_text_color%22,%22header_text_color%22%93,%22gcid-e0746e66-7201-497a-b70f-dc658a9a48f3%22:%91%22body_text_color%22,%22body_text_color%22,%22body_text_color%22,%22body_text_color%22,%22body_text_color%22,%22body_text_color%22,%22body_text_color%22,%22body_text_color%22,%22body_text_color%22,%22body_text_color%22,%22body_text_color%22,%22body_text_color%22%93,%22gcid-e3baf744-04e1-4a34-93a4-f160be3e046b%22:%91%22box_shadow_color_image%22,%22box_shadow_color_image%22,%22box_shadow_color_image%22,%22box_shadow_color_image%22%93,%22gcid-2f98b495-156b-40b8-8dad-9823810232fa%22:%91%22background_color__hover%22,%22background_color__hover%22,%22background_color__hover%22,%22background_color__hover%22%93}\u00bb background_color__hover=\u00bb#f9faf2&#8243; background_enable_color__hover=\u00bbon\u00bb background_color=\u00bb#FFFFFF\u00bb content_max_width=\u00bb95%\u00bb][\/et_pb_blurb][et_pb_blurb title=\u00bbContr\u00e1tame como conferencista\u00bb use_icon=\u00bbon\u00bb font_icon=\u00bb&#xf130;||fa||900&#8243; icon_placement=\u00bbleft\u00bb image_icon_width=\u00bb26px\u00bb _builder_version=\u00bb4.24.2&#8243; _dynamic_attributes=\u00bblink_option_url\u00bb _module_preset=\u00bbdefault\u00bb header_font=\u00bbLostra Bold|600|||||||\u00bb header_line_height=\u00bb1.3em\u00bb max_width=\u00bb90%\u00bb module_alignment=\u00bbcenter\u00bb custom_padding=\u00bb5px||0px||false|false\u00bb link_option_url=\u00bb@ET-DC@eyJkeW5hbWljIjp0cnVlLCJjb250ZW50IjoicG9zdF9saW5rX3VybF9wYWdlIiwic2V0dGluZ3MiOnsicG9zdF9pZCI6IjIzNDE3ODMyIn19@\u00bb link_option_url_new_window=\u00bbon\u00bb border_radii=\u00bbon|10px|10px|10px|10px\u00bb global_colors_info=\u00bb{%22gcid-5eaf0b69-d301-45f6-95f8-3365a7e389da%22:%91%22header_text_color%22,%22header_text_color%22,%22header_text_color%22,%22header_text_color%22,%22header_text_color%22,%22header_text_color%22,%22header_text_color%22,%22header_text_color%22,%22header_text_color%22,%22header_text_color%22,%22header_text_color%22,%22header_text_color%22,%22header_text_color%22,%22header_text_color%22,%22header_text_color%22,%22header_text_color%22,%22header_text_color%22,%22header_text_color%22,%22header_text_color%22,%22header_text_color%22,%22header_text_color%22,%22header_text_color%22,%22header_text_color%22,%22header_text_color%22%93,%22gcid-e0746e66-7201-497a-b70f-dc658a9a48f3%22:%91%22body_text_color%22,%22body_text_color%22,%22body_text_color%22,%22body_text_color%22,%22body_text_color%22,%22body_text_color%22,%22body_text_color%22,%22body_text_color%22,%22body_text_color%22,%22body_text_color%22,%22body_text_color%22,%22body_text_color%22,%22body_text_color%22,%22body_text_color%22,%22body_text_color%22,%22body_text_color%22,%22body_text_color%22,%22body_text_color%22,%22body_text_color%22,%22body_text_color%22,%22body_text_color%22,%22body_text_color%22,%22body_text_color%22,%22body_text_color%22%93,%22gcid-e3baf744-04e1-4a34-93a4-f160be3e046b%22:%91%22box_shadow_color_image%22,%22box_shadow_color_image%22,%22box_shadow_color_image%22,%22box_shadow_color_image%22,%22box_shadow_color_image%22,%22box_shadow_color_image%22,%22box_shadow_color_image%22,%22box_shadow_color_image%22,%22box_shadow_color_image%22%93,%22gcid-2f98b495-156b-40b8-8dad-9823810232fa%22:%91%22background_color__hover%22,%22background_color__hover%22,%22background_color__hover%22,%22background_color__hover%22,%22background_color__hover%22,%22background_color__hover%22,%22background_color__hover%22,%22background_color__hover%22%93}\u00bb background_color__hover=\u00bb#f9faf2&#8243; background_enable_color__hover=\u00bbon\u00bb background_color=\u00bb#FFFFFF\u00bb content_max_width=\u00bb95%\u00bb][\/et_pb_blurb][et_pb_blurb title=\u00bbConoce todos mis servicios\u00bb url=\u00bb@ET-DC@eyJkeW5hbWljIjp0cnVlLCJjb250ZW50IjoicG9zdF9saW5rX3VybF9wYWdlIiwic2V0dGluZ3MiOnsicG9zdF9pZCI6IjIzNDE4MTUzIn19@\u00bb url_new_window=\u00bbon\u00bb use_icon=\u00bbon\u00bb font_icon=\u00bb&#xf2b5;||fa||900&#8243; icon_placement=\u00bbleft\u00bb image_icon_width=\u00bb26px\u00bb _builder_version=\u00bb4.24.2&#8243; _dynamic_attributes=\u00bburl,link_option_url\u00bb _module_preset=\u00bbdefault\u00bb header_font=\u00bbLostra Bold|600|||||||\u00bb header_line_height=\u00bb1.3em\u00bb max_width=\u00bb90%\u00bb module_alignment=\u00bbcenter\u00bb custom_padding=\u00bb5px||0px||false|false\u00bb link_option_url=\u00bb@ET-DC@eyJkeW5hbWljIjp0cnVlLCJjb250ZW50IjoicG9zdF9saW5rX3VybF9wYWdlIiwic2V0dGluZ3MiOnsicG9zdF9pZCI6IjIzNDE4MTUzIn19@\u00bb link_option_url_new_window=\u00bbon\u00bb border_radii=\u00bbon|10px|10px|10px|10px\u00bb global_colors_info=\u00bb{%22gcid-5eaf0b69-d301-45f6-95f8-3365a7e389da%22:%91%22header_text_color%22,%22header_text_color%22,%22header_text_color%22,%22header_text_color%22,%22header_text_color%22,%22header_text_color%22,%22header_text_color%22,%22header_text_color%22,%22header_text_color%22,%22header_text_color%22,%22header_text_color%22,%22header_text_color%22,%22header_text_color%22,%22header_text_color%22,%22header_text_color%22,%22header_text_color%22,%22header_text_color%22,%22header_text_color%22,%22header_text_color%22,%22header_text_color%22,%22header_text_color%22,%22header_text_color%22,%22header_text_color%22,%22header_text_color%22,%22header_text_color%22,%22header_text_color%22,%22header_text_color%22,%22header_text_color%22,%22header_text_color%22,%22header_text_color%22,%22header_text_color%22,%22header_text_color%22,%22header_text_color%22,%22header_text_color%22,%22header_text_color%22,%22header_text_color%22,%22header_text_color%22,%22header_text_color%22,%22header_text_color%22,%22header_text_color%22,%22header_text_color%22,%22header_text_color%22,%22header_text_color%22,%22header_text_color%22,%22header_text_color%22%93,%22gcid-e0746e66-7201-497a-b70f-dc658a9a48f3%22:%91%22body_text_color%22,%22body_text_color%22,%22body_text_color%22,%22body_text_color%22,%22body_text_color%22,%22body_text_color%22,%22body_text_color%22,%22body_text_color%22,%22body_text_color%22,%22body_text_color%22,%22body_text_color%22,%22body_text_color%22,%22body_text_color%22,%22body_text_color%22,%22body_text_color%22,%22body_text_color%22,%22body_text_color%22,%22body_text_color%22,%22body_text_color%22,%22body_text_color%22,%22body_text_color%22,%22body_text_color%22,%22body_text_color%22,%22body_text_color%22,%22body_text_color%22,%22body_text_color%22,%22body_text_color%22,%22body_text_color%22,%22body_text_color%22,%22body_text_color%22,%22body_text_color%22,%22body_text_color%22,%22body_text_color%22,%22body_text_color%22,%22body_text_color%22,%22body_text_color%22,%22body_text_color%22,%22body_text_color%22,%22body_text_color%22,%22body_text_color%22,%22body_text_color%22,%22body_text_color%22,%22body_text_color%22,%22body_text_color%22,%22body_text_color%22%93,%22gcid-e3baf744-04e1-4a34-93a4-f160be3e046b%22:%91%22box_shadow_color_image%22,%22box_shadow_color_image%22,%22box_shadow_color_image%22,%22box_shadow_color_image%22,%22box_shadow_color_image%22,%22box_shadow_color_image%22,%22box_shadow_color_image%22,%22box_shadow_color_image%22,%22box_shadow_color_image%22,%22box_shadow_color_image%22,%22box_shadow_color_image%22,%22box_shadow_color_image%22,%22box_shadow_color_image%22,%22box_shadow_color_image%22,%22box_shadow_color_image%22,%22box_shadow_color_image%22,%22box_shadow_color_image%22%93,%22gcid-2f98b495-156b-40b8-8dad-9823810232fa%22:%91%22background_color__hover%22,%22background_color__hover%22,%22background_color__hover%22,%22background_color__hover%22,%22background_color__hover%22,%22background_color__hover%22,%22background_color__hover%22,%22background_color__hover%22,%22background_color__hover%22,%22background_color__hover%22,%22background_color__hover%22,%22background_color__hover%22,%22background_color__hover%22,%22background_color__hover%22,%22background_color__hover%22%93}\u00bb background_color__hover=\u00bb#f9faf2&#8243; background_enable_color__hover=\u00bbon\u00bb background_color=\u00bb#FFFFFF\u00bb content_max_width=\u00bb95%\u00bb][\/et_pb_blurb][et_pb_blurb title=\u00bbGu\u00eda LinkedIn Business\u00bb url_new_window=\u00bbon\u00bb use_icon=\u00bbon\u00bb font_icon=\u00bb&#xe086;||divi||400&#8243; icon_placement=\u00bbleft\u00bb image_icon_width=\u00bb26px\u00bb _builder_version=\u00bb4.24.2&#8243; _dynamic_attributes=\u00bblink_option_url\u00bb _module_preset=\u00bbdefault\u00bb header_font=\u00bbLostra Bold|600|||||||\u00bb header_line_height=\u00bb1.3em\u00bb max_width=\u00bb90%\u00bb module_alignment=\u00bbcenter\u00bb custom_padding=\u00bb5px||0px||false|false\u00bb link_option_url=\u00bb@ET-DC@eyJkeW5hbWljIjp0cnVlLCJjb250ZW50IjoicG9zdF9saW5rX3VybF9wYWdlIiwic2V0dGluZ3MiOnsicG9zdF9pZCI6IjIzNDE4MTY0In19@\u00bb link_option_url_new_window=\u00bbon\u00bb border_radii=\u00bbon|10px|10px|10px|10px\u00bb global_colors_info=\u00bb{%22gcid-5eaf0b69-d301-45f6-95f8-3365a7e389da%22:%91%22header_text_color%22,%22header_text_color%22,%22header_text_color%22,%22header_text_color%22,%22header_text_color%22,%22header_text_color%22,%22header_text_color%22,%22header_text_color%22,%22header_text_color%22,%22header_text_color%22,%22header_text_color%22,%22header_text_color%22,%22header_text_color%22,%22header_text_color%22,%22header_text_color%22,%22header_text_color%22,%22header_text_color%22,%22header_text_color%22,%22header_text_color%22,%22header_text_color%22,%22header_text_color%22,%22header_text_color%22,%22header_text_color%22,%22header_text_color%22%93,%22gcid-e0746e66-7201-497a-b70f-dc658a9a48f3%22:%91%22body_text_color%22,%22body_text_color%22,%22body_text_color%22,%22body_text_color%22,%22body_text_color%22,%22body_text_color%22,%22body_text_color%22,%22body_text_color%22,%22body_text_color%22,%22body_text_color%22,%22body_text_color%22,%22body_text_color%22,%22body_text_color%22,%22body_text_color%22,%22body_text_color%22,%22body_text_color%22,%22body_text_color%22,%22body_text_color%22,%22body_text_color%22,%22body_text_color%22,%22body_text_color%22,%22body_text_color%22,%22body_text_color%22,%22body_text_color%22%93,%22gcid-e3baf744-04e1-4a34-93a4-f160be3e046b%22:%91%22box_shadow_color_image%22,%22box_shadow_color_image%22,%22box_shadow_color_image%22,%22box_shadow_color_image%22,%22box_shadow_color_image%22,%22box_shadow_color_image%22,%22box_shadow_color_image%22,%22box_shadow_color_image%22,%22box_shadow_color_image%22%93,%22gcid-2f98b495-156b-40b8-8dad-9823810232fa%22:%91%22background_color__hover%22,%22background_color__hover%22,%22background_color__hover%22,%22background_color__hover%22,%22background_color__hover%22,%22background_color__hover%22,%22background_color__hover%22,%22background_color__hover%22%93}\u00bb background_color__hover=\u00bb#f9faf2&#8243; background_enable_color__hover=\u00bbon\u00bb background_color=\u00bb#FFFFFF\u00bb content_max_width=\u00bb95%\u00bb][\/et_pb_blurb][et_pb_blurb title=\u00bbVisita mi sitio web\u00bb url_new_window=\u00bbon\u00bb use_icon=\u00bbon\u00bb font_icon=\u00bb&#xf0c1;||fa||900&#8243; icon_placement=\u00bbleft\u00bb image_icon_width=\u00bb26px\u00bb _builder_version=\u00bb4.25.0&#8243; _module_preset=\u00bbdefault\u00bb header_font=\u00bbLostra Bold|600|||||||\u00bb header_line_height=\u00bb1.3em\u00bb max_width=\u00bb90%\u00bb module_alignment=\u00bbcenter\u00bb custom_padding=\u00bb5px||0px||false|false\u00bb link_option_url=\u00bbhttps:\/\/michellelima.online\u00bb link_option_url_new_window=\u00bbon\u00bb border_radii=\u00bbon|10px|10px|10px|10px\u00bb global_colors_info=\u00bb{%22gcid-5eaf0b69-d301-45f6-95f8-3365a7e389da%22:%91%22header_text_color%22,%22header_text_color%22,%22header_text_color%22,%22header_text_color%22,%22header_text_color%22,%22header_text_color%22,%22header_text_color%22,%22header_text_color%22,%22header_text_color%22,%22header_text_color%22,%22header_text_color%22,%22header_text_color%22,%22header_text_color%22,%22header_text_color%22,%22header_text_color%22%93,%22gcid-e0746e66-7201-497a-b70f-dc658a9a48f3%22:%91%22body_text_color%22,%22body_text_color%22,%22body_text_color%22,%22body_text_color%22,%22body_text_color%22,%22body_text_color%22,%22body_text_color%22,%22body_text_color%22,%22body_text_color%22,%22body_text_color%22,%22body_text_color%22,%22body_text_color%22,%22body_text_color%22,%22body_text_color%22,%22body_text_color%22%93,%22gcid-e3baf744-04e1-4a34-93a4-f160be3e046b%22:%91%22box_shadow_color_image%22,%22box_shadow_color_image%22,%22box_shadow_color_image%22,%22box_shadow_color_image%22,%22box_shadow_color_image%22,%22box_shadow_color_image%22%93,%22gcid-2f98b495-156b-40b8-8dad-9823810232fa%22:%91%22background_color__hover%22,%22background_color__hover%22,%22background_color__hover%22,%22background_color__hover%22,%22background_color__hover%22%93}\u00bb background_color__hover=\u00bb#f9faf2&#8243; background_enable_color__hover=\u00bbon\u00bb background_color=\u00bb#FFFFFF\u00bb content_max_width=\u00bb95%\u00bb][\/et_pb_blurb][et_pb_blurb title=\u00bbMi Blog\u00bb url_new_window=\u00bbon\u00bb use_icon=\u00bbon\u00bb font_icon=\u00bb&#xf5ad;||fa||900&#8243; icon_placement=\u00bbleft\u00bb image_icon_width=\u00bb26px\u00bb _builder_version=\u00bb4.25.0&#8243; _module_preset=\u00bbdefault\u00bb header_font=\u00bbLostra Bold|600|||||||\u00bb header_line_height=\u00bb1.3em\u00bb max_width=\u00bb90%\u00bb module_alignment=\u00bbcenter\u00bb custom_padding=\u00bb5px||0px||false|false\u00bb link_option_url=\u00bbhttps:\/\/michellelima.online\u00bb link_option_url_new_window=\u00bbon\u00bb border_radii=\u00bbon|10px|10px|10px|10px\u00bb global_colors_info=\u00bb{%22gcid-5eaf0b69-d301-45f6-95f8-3365a7e389da%22:%91%22header_text_color%22,%22header_text_color%22,%22header_text_color%22,%22header_text_color%22,%22header_text_color%22,%22header_text_color%22,%22header_text_color%22,%22header_text_color%22,%22header_text_color%22,%22header_text_color%22,%22header_text_color%22,%22header_text_color%22,%22header_text_color%22,%22header_text_color%22,%22header_text_color%22%93,%22gcid-e0746e66-7201-497a-b70f-dc658a9a48f3%22:%91%22body_text_color%22,%22body_text_color%22,%22body_text_color%22,%22body_text_color%22,%22body_text_color%22,%22body_text_color%22,%22body_text_color%22,%22body_text_color%22,%22body_text_color%22,%22body_text_color%22,%22body_text_color%22,%22body_text_color%22,%22body_text_color%22,%22body_text_color%22,%22body_text_color%22%93,%22gcid-e3baf744-04e1-4a34-93a4-f160be3e046b%22:%91%22box_shadow_color_image%22,%22box_shadow_color_image%22,%22box_shadow_color_image%22,%22box_shadow_color_image%22,%22box_shadow_color_image%22,%22box_shadow_color_image%22%93,%22gcid-2f98b495-156b-40b8-8dad-9823810232fa%22:%91%22background_color__hover%22,%22background_color__hover%22,%22background_color__hover%22,%22background_color__hover%22,%22background_color__hover%22%93}\u00bb background_color__hover=\u00bb#f9faf2&#8243; background_enable_color__hover=\u00bbon\u00bb background_color=\u00bb#FFFFFF\u00bb content_max_width=\u00bb95%\u00bb][\/et_pb_blurb][et_pb_blurb title=\u00bbPerfil en LinkedIn\u00bb url_new_window=\u00bbon\u00bb use_icon=\u00bbon\u00bb font_icon=\u00bb&#xe09d;||divi||400&#8243; icon_placement=\u00bbleft\u00bb image_icon_width=\u00bb26px\u00bb _builder_version=\u00bb4.25.0&#8243; _module_preset=\u00bbdefault\u00bb header_font=\u00bbLostra Bold|600|||||||\u00bb header_line_height=\u00bb1.3em\u00bb max_width=\u00bb90%\u00bb module_alignment=\u00bbcenter\u00bb custom_padding=\u00bb5px||0px||false|false\u00bb link_option_url=\u00bbhttps:\/\/www.linkedin.com\/in\/michelle-lima-marketing\/\u00bb link_option_url_new_window=\u00bbon\u00bb border_radii=\u00bbon|10px|10px|10px|10px\u00bb global_colors_info=\u00bb{%22gcid-5eaf0b69-d301-45f6-95f8-3365a7e389da%22:%91%22header_text_color%22,%22header_text_color%22,%22header_text_color%22,%22header_text_color%22,%22header_text_color%22,%22header_text_color%22,%22header_text_color%22,%22header_text_color%22,%22header_text_color%22,%22header_text_color%22,%22header_text_color%22,%22header_text_color%22,%22header_text_color%22,%22header_text_color%22,%22header_text_color%22,%22header_text_color%22,%22header_text_color%22,%22header_text_color%22,%22header_text_color%22,%22header_text_color%22,%22header_text_color%22%93,%22gcid-e0746e66-7201-497a-b70f-dc658a9a48f3%22:%91%22body_text_color%22,%22body_text_color%22,%22body_text_color%22,%22body_text_color%22,%22body_text_color%22,%22body_text_color%22,%22body_text_color%22,%22body_text_color%22,%22body_text_color%22,%22body_text_color%22,%22body_text_color%22,%22body_text_color%22,%22body_text_color%22,%22body_text_color%22,%22body_text_color%22,%22body_text_color%22,%22body_text_color%22,%22body_text_color%22,%22body_text_color%22,%22body_text_color%22,%22body_text_color%22%93,%22gcid-e3baf744-04e1-4a34-93a4-f160be3e046b%22:%91%22box_shadow_color_image%22,%22box_shadow_color_image%22,%22box_shadow_color_image%22,%22box_shadow_color_image%22,%22box_shadow_color_image%22,%22box_shadow_color_image%22,%22box_shadow_color_image%22,%22box_shadow_color_image%22%93,%22gcid-2f98b495-156b-40b8-8dad-9823810232fa%22:%91%22background_color__hover%22,%22background_color__hover%22,%22background_color__hover%22,%22background_color__hover%22,%22background_color__hover%22,%22background_color__hover%22,%22background_color__hover%22%93}\u00bb background_color__hover=\u00bb#f9faf2&#8243; background_enable_color__hover=\u00bbon\u00bb background_color=\u00bb#FFFFFF\u00bb content_max_width=\u00bb95%\u00bb][\/et_pb_blurb][\/et_pb_column][\/et_pb_row][\/et_pb_section]<\/p>\n","protected":false},"excerpt":{"rendered":"<p>Enlaces \u00datilesAcceda a los enlaces \u00fatiles sobre mis especialidades en LinkedIn, Marketing y Ventas B2B. Podcasts, listas de reproducci\u00f3n, cursos y materiales.<\/p>\n","protected":false},"author":4,"featured_media":19364695,"parent":0,"menu_order":0,"comment_status":"closed","ping_status":"closed","template":"page-template-blank.php","meta":{"_seopress_robots_primary_cat":"","_seopress_titles_title":"\u00bfTe interes\u00f3 mi trabajo? Consulta los links \u00fatiles a continuaci\u00f3n que pueden ayudarte:","_seopress_titles_desc":"Accede a los link \u00fatiles sobre mis especialidades con LinkedIn, Marketing y Ventas B2B. Podcasts, listas de reproducci\u00f3n, cursos y materiales.","_seopress_robots_index":"","_seopress_analysis_target_kw":"","_et_pb_use_builder":"on","_et_pb_old_content":"","_et_gb_content_width":"","footnotes":""},"dipi_cpt_category":[],"hf_cat_page":[],"class_list":["post-23420021","page","type-page","status-publish","has-post-thumbnail"],"_links":{"self":[{"href":"https:\/\/michellelima.online\/es\/wp-json\/wp\/v2\/pages\/23420021","targetHints":{"allow":["GET"]}}],"collection":[{"href":"https:\/\/michellelima.online\/es\/wp-json\/wp\/v2\/pages"}],"about":[{"href":"https:\/\/michellelima.online\/es\/wp-json\/wp\/v2\/types\/page"}],"author":[{"embeddable":true,"href":"https:\/\/michellelima.online\/es\/wp-json\/wp\/v2\/users\/4"}],"replies":[{"embeddable":true,"href":"https:\/\/michellelima.online\/es\/wp-json\/wp\/v2\/comments?post=23420021"}],"version-history":[{"count":7,"href":"https:\/\/michellelima.online\/es\/wp-json\/wp\/v2\/pages\/23420021\/revisions"}],"predecessor-version":[{"id":23480067,"href":"https:\/\/michellelima.online\/es\/wp-json\/wp\/v2\/pages\/23420021\/revisions\/23480067"}],"wp:featuredmedia":[{"embeddable":true,"href":"https:\/\/michellelima.online\/es\/wp-json\/wp\/v2\/media\/19364695"}],"wp:attachment":[{"href":"https:\/\/michellelima.online\/es\/wp-json\/wp\/v2\/media?parent=23420021"}],"wp:term":[{"taxonomy":"dipi_cpt_category","embeddable":true,"href":"https:\/\/michellelima.online\/es\/wp-json\/wp\/v2\/dipi_cpt_category?post=23420021"},{"taxonomy":"hf_cat_page","embeddable":true,"href":"https:\/\/michellelima.online\/es\/wp-json\/wp\/v2\/hf_cat_page?post=23420021"}],"curies":[{"name":"wp","href":"https:\/\/api.w.org\/{rel}","templated":true}]}}